{"id":18133,"date":"2020-11-04T20:30:33","date_gmt":"2020-11-04T19:30:33","guid":{"rendered":"https:\/\/www.normandie-camping.com\/?page_id=18133"},"modified":"2020-12-17T16:12:25","modified_gmt":"2020-12-17T15:12:25","slug":"choice-by-department","status":"publish","type":"page","link":"https:\/\/www.normandie-camping.com\/en\/you-are-looking-for\/choice-by-department\/","title":{"rendered":"Choice by department"},"content":{"rendered":"<p><div class=\"fusion-fullwidth fullwidth-box fusion-builder-row-1 basic__header hundred-percent-fullwidth non-hundred-percent-height-scrolling\" style=\"--awb-border-radius-top-left:0px;--awb-border-radius-top-right:0px;--awb-border-radius-bottom-right:0px;--awb-border-radius-bottom-left:0px;--awb-padding-right:30px;--awb-padding-left:30px;--awb-flex-wrap:wrap;\" ><div class=\"fusion-builder-row fusion-row\"><div class=\"fusion-layout-column fusion_builder_column fusion-builder-column-0 fusion_builder_column_1_1 1_1 fusion-one-full fusion-column-first fusion-column-last\" style=\"--awb-bg-size:cover;\"><div class=\"fusion-column-wrapper fusion-column-has-shadow fusion-flex-column-wrapper-legacy\"><div class=\"fusion-title title fusion-title-1 fusion-sep-none fusion-title-center fusion-title-text fusion-title-size-one up\" style=\"--awb-margin-bottom:20px;--awb-margin-top-small:0px;--awb-margin-bottom-small:20px;\"><h1 class=\"fusion-title-heading title-heading-center\" style=\"margin:0;\">Choice by department<\/h1><\/div><div class=\"fusion-text fusion-text-1\"><p style=\"text-align: center;\">Bordered by the Channel Sea, Normandy has five departments, three of which have a waterfront. Very rich in natural, historical or cultural tourist places, Normandy is also a place of gastronomy and water sports. Find our campsites classified by department:<\/p>\n<\/div><div class=\"fusion-clearfix\"><\/div><\/div><\/div><\/div><\/div><div class=\"fusion-fullwidth fullwidth-box fusion-builder-row-2 page__group page__group--basic hundred-percent-fullwidth non-hundred-percent-height-scrolling\" style=\"--awb-border-radius-top-left:0px;--awb-border-radius-top-right:0px;--awb-border-radius-bottom-right:0px;--awb-border-radius-bottom-left:0px;--awb-padding-top:100px;--awb-padding-right:3.5vw;--awb-padding-bottom:120px;--awb-padding-left:3.5vw;--awb-flex-wrap:wrap;\" ><div class=\"fusion-builder-row fusion-row\"><div class=\"fusion-layout-column fusion_builder_column fusion-builder-column-1 fusion_builder_column_1_3 1_3 fusion-one-third fusion-column-first page__group__item\" style=\"--awb-bg-size:cover;width:33.333333333333%;width:calc(33.333333333333% - ( ( 4.5vw + 4.5vw ) * 0.33333333333333 ) );margin-right: 4.5vw;\"><div class=\"fusion-column-wrapper fusion-column-has-shadow fusion-flex-column-wrapper-legacy\"><div class=\"fusion-title title fusion-title-2 fusion-sep-none fusion-title-text fusion-title-size-two up\"><h2 class=\"fusion-title-heading title-heading-left\" style=\"margin:0;\">La Manche (50)<\/h2><\/div><div class=\"fusion-image-element in-legacy-container\" style=\"--awb-caption-title-font-family:var(--h2_typography-font-family);--awb-caption-title-font-weight:var(--h2_typography-font-weight);--awb-caption-title-font-style:var(--h2_typography-font-style);--awb-caption-title-size:var(--h2_typography-font-size);--awb-caption-title-transform:var(--h2_typography-text-transform);--awb-caption-title-line-height:var(--h2_typography-line-height);--awb-caption-title-letter-spacing:var(--h2_typography-letter-spacing);\"><span class=\" fusion-imageframe imageframe-none imageframe-1 hover-type-none ratio-1050x624\"><a class=\"fusion-no-lightbox\" href=\"https:\/\/www.normandie-camping.com\/en\/you-are-looking-for\/choice-by-department\/campsite-in-la-manche-50\/\" target=\"_self\" aria-label=\"Campings dans la Manche\"><img decoding=\"async\" width=\"1050\" height=\"624\" src=\"https:\/\/www.normandie-camping.com\/wp-content\/uploads\/2020\/09\/Campings-dans-la-Manche.jpg\" alt class=\"img-responsive wp-image-18091\" srcset=\"https:\/\/www.normandie-camping.com\/wp-content\/uploads\/2020\/09\/Campings-dans-la-Manche-200x119.jpg 200w, https:\/\/www.normandie-camping.com\/wp-content\/uploads\/2020\/09\/Campings-dans-la-Manche-400x238.jpg 400w, https:\/\/www.normandie-camping.com\/wp-content\/uploads\/2020\/09\/Campings-dans-la-Manche-600x357.jpg 600w, https:\/\/www.normandie-camping.com\/wp-content\/uploads\/2020\/09\/Campings-dans-la-Manche-800x475.jpg 800w, https:\/\/www.normandie-camping.com\/wp-content\/uploads\/2020\/09\/Campings-dans-la-Manche.jpg 1050w\" sizes=\"(max-width: 800px) 100vw, 400px\" \/><\/a><\/span><\/div><div class=\"fusion-text fusion-text-2\"><p>With its 350 km of coast, La Manche is one of the most marine departments in France. It is a territory largely preserved from urbanization, which gives pride of place to the vast wilderness, especially in the northern part of the Cotentin. But the Manche is not just beaches. You will like to visit Mont Saint Michel, the corsair city of Granville or its D-day sites.<\/p>\n<\/div><div class=\"fusion-alignright\"><a class=\"fusion-button button-flat button-small button-orange fusion-button-orange button-1 fusion-button-default-span fusion-button-default-type\" target=\"_self\" href=\"https:\/\/www.normandie-camping.com\/en\/you-are-looking-for\/choice-by-department\/campsite-in-la-manche-50\/\"><span class=\"fusion-button-text\">Discover<\/span><\/a><\/div><div class=\"fusion-clearfix\"><\/div><\/div><\/div><div class=\"fusion-layout-column fusion_builder_column fusion-builder-column-2 fusion_builder_column_1_3 1_3 fusion-one-third page__group__item\" style=\"--awb-bg-size:cover;width:33.333333333333%;width:calc(33.333333333333% - ( ( 4.5vw + 4.5vw ) * 0.33333333333333 ) );margin-right: 4.5vw;\"><div class=\"fusion-column-wrapper fusion-column-has-shadow fusion-flex-column-wrapper-legacy\"><div class=\"fusion-title title fusion-title-3 fusion-sep-none fusion-title-text fusion-title-size-two up\"><h2 class=\"fusion-title-heading title-heading-left\" style=\"margin:0;\">Le Calvados (14)<\/h2><\/div><div class=\"fusion-image-element in-legacy-container\" style=\"--awb-caption-title-font-family:var(--h2_typography-font-family);--awb-caption-title-font-weight:var(--h2_typography-font-weight);--awb-caption-title-font-style:var(--h2_typography-font-style);--awb-caption-title-size:var(--h2_typography-font-size);--awb-caption-title-transform:var(--h2_typography-text-transform);--awb-caption-title-line-height:var(--h2_typography-line-height);--awb-caption-title-letter-spacing:var(--h2_typography-letter-spacing);\"><span class=\" fusion-imageframe imageframe-none imageframe-2 hover-type-none ratio-1050x624\"><a class=\"fusion-no-lightbox\" href=\"https:\/\/www.normandie-camping.com\/en\/you-are-looking-for\/choice-by-department\/campsite-in-le-calvados-14\/\" target=\"_self\" aria-label=\"Campings dans le Calvados\"><img decoding=\"async\" width=\"1050\" height=\"624\" src=\"https:\/\/www.normandie-camping.com\/wp-content\/uploads\/2020\/09\/Campings-dans-le-Calvados.jpg\" alt class=\"img-responsive wp-image-18092\" srcset=\"https:\/\/www.normandie-camping.com\/wp-content\/uploads\/2020\/09\/Campings-dans-le-Calvados-200x119.jpg 200w, https:\/\/www.normandie-camping.com\/wp-content\/uploads\/2020\/09\/Campings-dans-le-Calvados-400x238.jpg 400w, https:\/\/www.normandie-camping.com\/wp-content\/uploads\/2020\/09\/Campings-dans-le-Calvados-600x357.jpg 600w, https:\/\/www.normandie-camping.com\/wp-content\/uploads\/2020\/09\/Campings-dans-le-Calvados-800x475.jpg 800w, https:\/\/www.normandie-camping.com\/wp-content\/uploads\/2020\/09\/Campings-dans-le-Calvados.jpg 1050w\" sizes=\"(max-width: 800px) 100vw, 400px\" \/><\/a><\/span><\/div><div class=\"fusion-text fusion-text-3\"><p>The beaches of Calvados are among the most spectacular sites of the 1944 D-Day landings (Arromanches, Omaha beach, Pointe du Hoc\u2026). You may prefer the romanticism of the seaside towns of Deauville, Cabourg or Honfleur. Not to mention a visit to the medieval town of Bayeux and its famous Tapestry or the Caen Peace Memorial.<\/p>\n<\/div><div class=\"fusion-alignright\"><a class=\"fusion-button button-flat button-small button-orange fusion-button-orange button-2 fusion-button-default-span fusion-button-default-type\" target=\"_self\" href=\"https:\/\/www.normandie-camping.com\/en\/you-are-looking-for\/choice-by-department\/campsite-in-le-calvados-14\/\"><span class=\"fusion-button-text\">Discover<\/span><\/a><\/div><div class=\"fusion-clearfix\"><\/div><\/div><\/div><div class=\"fusion-layout-column fusion_builder_column fusion-builder-column-3 fusion_builder_column_1_3 1_3 fusion-one-third fusion-column-last page__group__item\" style=\"--awb-bg-size:cover;width:33.333333333333%;width:calc(33.333333333333% - ( ( 4.5vw + 4.5vw ) * 0.33333333333333 ) );\"><div class=\"fusion-column-wrapper fusion-column-has-shadow fusion-flex-column-wrapper-legacy\"><div class=\"fusion-title title fusion-title-4 fusion-sep-none fusion-title-text fusion-title-size-two up\"><h2 class=\"fusion-title-heading title-heading-left\" style=\"margin:0;\">L\u2019Eure (27) et l\u2019Orne (61)<\/h2><\/div><div class=\"fusion-image-element in-legacy-container\" style=\"--awb-caption-title-font-family:var(--h2_typography-font-family);--awb-caption-title-font-weight:var(--h2_typography-font-weight);--awb-caption-title-font-style:var(--h2_typography-font-style);--awb-caption-title-size:var(--h2_typography-font-size);--awb-caption-title-transform:var(--h2_typography-text-transform);--awb-caption-title-line-height:var(--h2_typography-line-height);--awb-caption-title-letter-spacing:var(--h2_typography-letter-spacing);\"><span class=\" fusion-imageframe imageframe-none imageframe-3 hover-type-none ratio-1050x624\"><a class=\"fusion-no-lightbox\" href=\"https:\/\/www.normandie-camping.com\/en\/you-are-looking-for\/choice-by-department\/campsite-in-leure-27-and-lorne-61\/\" target=\"_self\" aria-label=\"Campings dans l&#8217;Eure et l&#8217;Orne\"><img decoding=\"async\" width=\"1049\" height=\"624\" src=\"https:\/\/www.normandie-camping.com\/wp-content\/uploads\/2020\/09\/Campings-dans-lEure-et-lOrne.jpg\" alt class=\"img-responsive wp-image-18093\" srcset=\"https:\/\/www.normandie-camping.com\/wp-content\/uploads\/2020\/09\/Campings-dans-lEure-et-lOrne-200x119.jpg 200w, https:\/\/www.normandie-camping.com\/wp-content\/uploads\/2020\/09\/Campings-dans-lEure-et-lOrne-400x238.jpg 400w, https:\/\/www.normandie-camping.com\/wp-content\/uploads\/2020\/09\/Campings-dans-lEure-et-lOrne-600x357.jpg 600w, https:\/\/www.normandie-camping.com\/wp-content\/uploads\/2020\/09\/Campings-dans-lEure-et-lOrne-800x476.jpg 800w, https:\/\/www.normandie-camping.com\/wp-content\/uploads\/2020\/09\/Campings-dans-lEure-et-lOrne.jpg 1049w\" sizes=\"(max-width: 800px) 100vw, 400px\" \/><\/a><\/span><\/div><div class=\"fusion-text fusion-text-4\"><p>l&#8217;Orne and l&#8217; Eure are departments full of surprises for those who like to go off the beaten track. You can enjoy a quiet tourism in Normandy Switzerland, visiting beautiful villages such as Pont-Audemer, Bec-Hellouin or Bagnoles de l&#8217;Orne. Not to be missed: The famous Haras du Pin and the gardens of Giverny, home of Claude Monet.<\/p>\n<\/div><div class=\"fusion-alignright\"><a class=\"fusion-button button-flat button-small button-orange fusion-button-orange button-3 fusion-button-default-span fusion-button-default-type\" target=\"_self\" href=\"https:\/\/www.normandie-camping.com\/en\/you-are-looking-for\/choice-by-department\/campsite-in-leure-27-and-lorne-61\/\"><span class=\"fusion-button-text\">Discover<\/span><\/a><\/div><div class=\"fusion-clearfix\"><\/div><\/div><\/div><div class=\"fusion-layout-column fusion_builder_column fusion-builder-column-4 fusion_builder_column_1_3 1_3 fusion-one-third fusion-column-first page__group__item\" style=\"--awb-bg-size:cover;width:33.333333333333%;width:calc(33.333333333333% - ( ( 4.5vw + 4.5vw ) * 0.33333333333333 ) );margin-right: 4.5vw;\"><div class=\"fusion-column-wrapper fusion-column-has-shadow fusion-flex-column-wrapper-legacy\"><div class=\"fusion-clearfix\"><\/div><\/div><\/div><div class=\"fusion-layout-column fusion_builder_column fusion-builder-column-5 fusion_builder_column_1_3 1_3 fusion-one-third page__group__item\" style=\"--awb-bg-size:cover;width:33.333333333333%;width:calc(33.333333333333% - ( ( 4.5vw + 4.5vw ) * 0.33333333333333 ) );margin-right: 4.5vw;\"><div class=\"fusion-column-wrapper fusion-column-has-shadow fusion-flex-column-wrapper-legacy\"><div class=\"fusion-title title fusion-title-5 fusion-sep-none fusion-title-text fusion-title-size-two up\"><h2 class=\"fusion-title-heading title-heading-left\" style=\"margin:0;\">La Seine-Maritime (76)<\/h2><\/div><div class=\"fusion-image-element in-legacy-container\" style=\"--awb-caption-title-font-family:var(--h2_typography-font-family);--awb-caption-title-font-weight:var(--h2_typography-font-weight);--awb-caption-title-font-style:var(--h2_typography-font-style);--awb-caption-title-size:var(--h2_typography-font-size);--awb-caption-title-transform:var(--h2_typography-text-transform);--awb-caption-title-line-height:var(--h2_typography-line-height);--awb-caption-title-letter-spacing:var(--h2_typography-letter-spacing);\"><span class=\" fusion-imageframe imageframe-none imageframe-4 hover-type-none ratio-1050x624\"><a class=\"fusion-no-lightbox\" href=\"https:\/\/www.normandie-camping.com\/en\/you-are-looking-for\/choice-by-department\/campsite-in-seine-maritime-76\/\" target=\"_self\" aria-label=\"Campings en Seine Maritime\"><img decoding=\"async\" width=\"1050\" height=\"624\" src=\"https:\/\/www.normandie-camping.com\/wp-content\/uploads\/2020\/09\/Campings-en-Seine-Maritime.jpg\" alt class=\"img-responsive wp-image-18094\" srcset=\"https:\/\/www.normandie-camping.com\/wp-content\/uploads\/2020\/09\/Campings-en-Seine-Maritime-200x119.jpg 200w, https:\/\/www.normandie-camping.com\/wp-content\/uploads\/2020\/09\/Campings-en-Seine-Maritime-400x238.jpg 400w, https:\/\/www.normandie-camping.com\/wp-content\/uploads\/2020\/09\/Campings-en-Seine-Maritime-600x357.jpg 600w, https:\/\/www.normandie-camping.com\/wp-content\/uploads\/2020\/09\/Campings-en-Seine-Maritime-800x475.jpg 800w, https:\/\/www.normandie-camping.com\/wp-content\/uploads\/2020\/09\/Campings-en-Seine-Maritime.jpg 1050w\" sizes=\"(max-width: 800px) 100vw, 400px\" \/><\/a><\/span><\/div><div class=\"fusion-text fusion-text-5\"><p>This department is home to amazing cities that you should not miss to visit such as Rouen or Le Havre. As well as the seaside resorts of Dieppe, F\u00e9camp or Le Tr\u00e9port. Boaters will appreciate the port of Saint-Val\u00e9ry-en-Caux. Camp out near the cliffs of Etretat also has its charm, as does Veules-les-Roses, one of the most beautiful villages in France.<\/p>\n<\/div><div class=\"fusion-alignright\"><a class=\"fusion-button button-flat button-small button-orange fusion-button-orange button-4 fusion-button-default-span fusion-button-default-type\" target=\"_self\" href=\"https:\/\/www.normandie-camping.com\/en\/you-are-looking-for\/choice-by-department\/campsite-in-seine-maritime-76\/\"><span class=\"fusion-button-text\">Discover<\/span><\/a><\/div><div class=\"fusion-clearfix\"><\/div><\/div><\/div><div class=\"fusion-layout-column fusion_builder_column fusion-builder-column-6 fusion_builder_column_1_3 1_3 fusion-one-third fusion-column-last page__group__item\" style=\"--awb-bg-size:cover;width:33.333333333333%;width:calc(33.333333333333% - ( ( 4.5vw + 4.5vw ) * 0.33333333333333 ) );\"><div class=\"fusion-column-wrapper fusion-column-has-shadow fusion-flex-column-wrapper-legacy\"><div class=\"fusion-clearfix\"><\/div><\/div><\/div><\/div><\/div><\/p>\n","protected":false},"excerpt":{"rendered":"","protected":false},"author":49,"featured_media":0,"parent":18086,"menu_order":0,"comment_status":"closed","ping_status":"closed","template":"100-width.php","meta":{"_acf_changed":false,"inline_featured_image":false,"footnotes":""},"class_list":["post-18133","page","type-page","status-publish","hentry"],"acf":[],"yoast_head":"<!-- This site is optimized with the Yoast SEO plugin v26.6 - https:\/\/yoast.com\/wordpress\/plugins\/seo\/ -->\n<title>Choice by department - Normandie Camping<\/title>\n<meta name=\"robots\" content=\"index, follow, max-snippet:-1, max-image-preview:large, max-video-preview:-1\" \/>\n<link rel=\"canonical\" href=\"https:\/\/www.normandie-camping.com\/en\/you-are-looking-for\/choice-by-department\/\" \/>\n<meta property=\"og:locale\" content=\"en_GB\" \/>\n<meta property=\"og:type\" content=\"article\" \/>\n<meta property=\"og:title\" content=\"Choice by department - Normandie Camping\" \/>\n<meta property=\"og:url\" content=\"https:\/\/www.normandie-camping.com\/en\/you-are-looking-for\/choice-by-department\/\" \/>\n<meta property=\"og:site_name\" content=\"Normandie Camping\" \/>\n<meta property=\"article:publisher\" content=\"https:\/\/www.facebook.com\/normandiecamping\/\" \/>\n<meta property=\"article:modified_time\" content=\"2020-12-17T15:12:25+00:00\" \/>\n<meta property=\"og:image\" content=\"https:\/\/www.normandie-camping.com\/wp-content\/uploads\/2018\/05\/Etretat-paddle-2\u00a9CDT76-V.Rustuel-6-1920x1281.jpg\" \/>\n\t<meta property=\"og:image:width\" content=\"1920\" \/>\n\t<meta property=\"og:image:height\" content=\"1281\" \/>\n\t<meta property=\"og:image:type\" content=\"image\/jpeg\" \/>\n<meta name=\"twitter:card\" content=\"summary_large_image\" \/>\n<meta name=\"twitter:label1\" content=\"Estimated reading time\" \/>\n\t<meta name=\"twitter:data1\" content=\"20 minutes\" \/>\n<script type=\"application\/ld+json\" class=\"yoast-schema-graph\">{\"@context\":\"https:\/\/schema.org\",\"@graph\":[{\"@type\":\"WebPage\",\"@id\":\"https:\/\/www.normandie-camping.com\/en\/you-are-looking-for\/choice-by-department\/\",\"url\":\"https:\/\/www.normandie-camping.com\/en\/you-are-looking-for\/choice-by-department\/\",\"name\":\"Choice by department - Normandie Camping\",\"isPartOf\":{\"@id\":\"https:\/\/www.normandie-camping.com\/en\/#website\"},\"datePublished\":\"2020-11-04T19:30:33+00:00\",\"dateModified\":\"2020-12-17T15:12:25+00:00\",\"breadcrumb\":{\"@id\":\"https:\/\/www.normandie-camping.com\/en\/you-are-looking-for\/choice-by-department\/#breadcrumb\"},\"inLanguage\":\"en-GB\",\"potentialAction\":[{\"@type\":\"ReadAction\",\"target\":[\"https:\/\/www.normandie-camping.com\/en\/you-are-looking-for\/choice-by-department\/\"]}]},{\"@type\":\"BreadcrumbList\",\"@id\":\"https:\/\/www.normandie-camping.com\/en\/you-are-looking-for\/choice-by-department\/#breadcrumb\",\"itemListElement\":[{\"@type\":\"ListItem\",\"position\":1,\"name\":\"Accueil\",\"item\":\"https:\/\/www.normandie-camping.com\/en\/\"},{\"@type\":\"ListItem\",\"position\":2,\"name\":\"You are looking for \u2026\",\"item\":\"https:\/\/www.normandie-camping.com\/en\/you-are-looking-for\/\"},{\"@type\":\"ListItem\",\"position\":3,\"name\":\"Choice by department\"}]},{\"@type\":\"WebSite\",\"@id\":\"https:\/\/www.normandie-camping.com\/en\/#website\",\"url\":\"https:\/\/www.normandie-camping.com\/en\/\",\"name\":\"Normandie Camping\",\"description\":\"Groupement de campings en Normandie\",\"publisher\":{\"@id\":\"https:\/\/www.normandie-camping.com\/en\/#organization\"},\"potentialAction\":[{\"@type\":\"SearchAction\",\"target\":{\"@type\":\"EntryPoint\",\"urlTemplate\":\"https:\/\/www.normandie-camping.com\/en\/?s={search_term_string}\"},\"query-input\":{\"@type\":\"PropertyValueSpecification\",\"valueRequired\":true,\"valueName\":\"search_term_string\"}}],\"inLanguage\":\"en-GB\"},{\"@type\":\"Organization\",\"@id\":\"https:\/\/www.normandie-camping.com\/en\/#organization\",\"name\":\"Ouest Normandie Camping\",\"url\":\"https:\/\/www.normandie-camping.com\/en\/\",\"logo\":{\"@type\":\"ImageObject\",\"inLanguage\":\"en-GB\",\"@id\":\"https:\/\/www.normandie-camping.com\/en\/#\/schema\/logo\/image\/\",\"url\":\"https:\/\/www.normandie-camping.com\/wp-content\/uploads\/2018\/05\/ONC-BLEU.png\",\"contentUrl\":\"https:\/\/www.normandie-camping.com\/wp-content\/uploads\/2018\/05\/ONC-BLEU.png\",\"width\":70,\"height\":86,\"caption\":\"Ouest Normandie Camping\"},\"image\":{\"@id\":\"https:\/\/www.normandie-camping.com\/en\/#\/schema\/logo\/image\/\"},\"sameAs\":[\"https:\/\/www.facebook.com\/normandiecamping\/\"]}]}<\/script>\n<!-- \/ Yoast SEO plugin. -->","yoast_head_json":{"title":"Choice by department - Normandie Camping","robots":{"index":"index","follow":"follow","max-snippet":"max-snippet:-1","max-image-preview":"max-image-preview:large","max-video-preview":"max-video-preview:-1"},"canonical":"https:\/\/www.normandie-camping.com\/en\/you-are-looking-for\/choice-by-department\/","og_locale":"en_GB","og_type":"article","og_title":"Choice by department - Normandie Camping","og_url":"https:\/\/www.normandie-camping.com\/en\/you-are-looking-for\/choice-by-department\/","og_site_name":"Normandie Camping","article_publisher":"https:\/\/www.facebook.com\/normandiecamping\/","article_modified_time":"2020-12-17T15:12:25+00:00","og_image":[{"width":1920,"height":1281,"url":"https:\/\/www.normandie-camping.com\/wp-content\/uploads\/2018\/05\/Etretat-paddle-2\u00a9CDT76-V.Rustuel-6-1920x1281.jpg","type":"image\/jpeg"}],"twitter_card":"summary_large_image","twitter_misc":{"Estimated reading time":"20 minutes"},"schema":{"@context":"https:\/\/schema.org","@graph":[{"@type":"WebPage","@id":"https:\/\/www.normandie-camping.com\/en\/you-are-looking-for\/choice-by-department\/","url":"https:\/\/www.normandie-camping.com\/en\/you-are-looking-for\/choice-by-department\/","name":"Choice by department - Normandie Camping","isPartOf":{"@id":"https:\/\/www.normandie-camping.com\/en\/#website"},"datePublished":"2020-11-04T19:30:33+00:00","dateModified":"2020-12-17T15:12:25+00:00","breadcrumb":{"@id":"https:\/\/www.normandie-camping.com\/en\/you-are-looking-for\/choice-by-department\/#breadcrumb"},"inLanguage":"en-GB","potentialAction":[{"@type":"ReadAction","target":["https:\/\/www.normandie-camping.com\/en\/you-are-looking-for\/choice-by-department\/"]}]},{"@type":"BreadcrumbList","@id":"https:\/\/www.normandie-camping.com\/en\/you-are-looking-for\/choice-by-department\/#breadcrumb","itemListElement":[{"@type":"ListItem","position":1,"name":"Accueil","item":"https:\/\/www.normandie-camping.com\/en\/"},{"@type":"ListItem","position":2,"name":"You are looking for \u2026","item":"https:\/\/www.normandie-camping.com\/en\/you-are-looking-for\/"},{"@type":"ListItem","position":3,"name":"Choice by department"}]},{"@type":"WebSite","@id":"https:\/\/www.normandie-camping.com\/en\/#website","url":"https:\/\/www.normandie-camping.com\/en\/","name":"Normandie Camping","description":"Groupement de campings en Normandie","publisher":{"@id":"https:\/\/www.normandie-camping.com\/en\/#organization"},"potentialAction":[{"@type":"SearchAction","target":{"@type":"EntryPoint","urlTemplate":"https:\/\/www.normandie-camping.com\/en\/?s={search_term_string}"},"query-input":{"@type":"PropertyValueSpecification","valueRequired":true,"valueName":"search_term_string"}}],"inLanguage":"en-GB"},{"@type":"Organization","@id":"https:\/\/www.normandie-camping.com\/en\/#organization","name":"Ouest Normandie Camping","url":"https:\/\/www.normandie-camping.com\/en\/","logo":{"@type":"ImageObject","inLanguage":"en-GB","@id":"https:\/\/www.normandie-camping.com\/en\/#\/schema\/logo\/image\/","url":"https:\/\/www.normandie-camping.com\/wp-content\/uploads\/2018\/05\/ONC-BLEU.png","contentUrl":"https:\/\/www.normandie-camping.com\/wp-content\/uploads\/2018\/05\/ONC-BLEU.png","width":70,"height":86,"caption":"Ouest Normandie Camping"},"image":{"@id":"https:\/\/www.normandie-camping.com\/en\/#\/schema\/logo\/image\/"},"sameAs":["https:\/\/www.facebook.com\/normandiecamping\/"]}]}},"_links":{"self":[{"href":"https:\/\/www.normandie-camping.com\/en\/wp-json\/wp\/v2\/pages\/18133","targetHints":{"allow":["GET"]}}],"collection":[{"href":"https:\/\/www.normandie-camping.com\/en\/wp-json\/wp\/v2\/pages"}],"about":[{"href":"https:\/\/www.normandie-camping.com\/en\/wp-json\/wp\/v2\/types\/page"}],"author":[{"embeddable":true,"href":"https:\/\/www.normandie-camping.com\/en\/wp-json\/wp\/v2\/users\/49"}],"replies":[{"embeddable":true,"href":"https:\/\/www.normandie-camping.com\/en\/wp-json\/wp\/v2\/comments?post=18133"}],"version-history":[{"count":3,"href":"https:\/\/www.normandie-camping.com\/en\/wp-json\/wp\/v2\/pages\/18133\/revisions"}],"predecessor-version":[{"id":19568,"href":"https:\/\/www.normandie-camping.com\/en\/wp-json\/wp\/v2\/pages\/18133\/revisions\/19568"}],"up":[{"embeddable":true,"href":"https:\/\/www.normandie-camping.com\/en\/wp-json\/wp\/v2\/pages\/18086"}],"wp:attachment":[{"href":"https:\/\/www.normandie-camping.com\/en\/wp-json\/wp\/v2\/media?parent=18133"}],"curies":[{"name":"wp","href":"https:\/\/api.w.org\/{rel}","templated":true}]}}